{"id":351,"date":"2018-09-27T10:30:35","date_gmt":"2018-09-27T08:30:35","guid":{"rendered":"https:\/\/panelplus.it\/prodotti\/"},"modified":"2025-02-21T10:48:10","modified_gmt":"2025-02-21T09:48:10","slug":"prodotti","status":"publish","type":"page","link":"https:\/\/panelplus.it\/es\/prodotti\/","title":{"rendered":"Productos"},"content":{"rendered":"<p>Utilizar los paneles compuestos y los paneles sandwich PanelPlus\u00ae significa exaltar las caracter\u00edsticas de cualquier material cl\u00e1sico superando as\u00ed los problemas estructurales, llegando a donde las elaboraciones tradicionales no pueden llegar.<\/p>\n<p>Cada elemento conectado a la tecnolog\u00eda de panelizaci\u00f3n sandiwch PanelPlus\u00ae adquiere una nueva vitalidad, aumentando las prestaciones mec\u00e1nicas, de resistencia t\u00e9rmica y de eco-sostenibilidad, sobrepasando los l\u00edmites naturales y adapt\u00e1ndose a nuevos alcances de construcci\u00f3n.<\/p>\n<p>Gracias a sus caracter\u00edsticas de ligereza y robusteza los paneles sandwich compuestos PanelPlus\u00ae permiten llevar a cabo los proyectos m\u00e1s ambiciosos del mercado, as\u00ed representando un paso inevitable hacia una nueva manera de construir en el futuro.<\/p>\n","protected":false},"excerpt":{"rendered":"<p>Utilizar los paneles compuestos y los paneles sandwich PanelPlus\u00ae significa exaltar las caracter\u00edsticas de cualquier material cl\u00e1sico superando as\u00ed los&#8230;<\/p>\n","protected":false},"author":1,"featured_media":0,"parent":0,"menu_order":0,"comment_status":"closed","ping_status":"closed","template":"","meta":[],"acf":[],"_links":{"self":[{"href":"https:\/\/panelplus.it\/es\/wp-json\/wp\/v2\/pages\/351"}],"collection":[{"href":"https:\/\/panelplus.it\/es\/wp-json\/wp\/v2\/pages"}],"about":[{"href":"https:\/\/panelplus.it\/es\/wp-json\/wp\/v2\/types\/page"}],"author":[{"embeddable":true,"href":"https:\/\/panelplus.it\/es\/wp-json\/wp\/v2\/users\/1"}],"replies":[{"embeddable":true,"href":"https:\/\/panelplus.it\/es\/wp-json\/wp\/v2\/comments?post=351"}],"version-history":[{"count":3,"href":"https:\/\/panelplus.it\/es\/wp-json\/wp\/v2\/pages\/351\/revisions"}],"predecessor-version":[{"id":920,"href":"https:\/\/panelplus.it\/es\/wp-json\/wp\/v2\/pages\/351\/revisions\/920"}],"wp:attachment":[{"href":"https:\/\/panelplus.it\/es\/wp-json\/wp\/v2\/media?parent=351"}],"curies":[{"name":"wp","href":"https:\/\/api.w.org\/{rel}","templated":true}]}}