{"id":371,"date":"2018-10-09T08:32:40","date_gmt":"2018-10-09T06:32:40","guid":{"rendered":"https:\/\/panelplus.it\/vantaggi\/"},"modified":"2025-02-21T10:25:54","modified_gmt":"2025-02-21T09:25:54","slug":"vantaggi","status":"publish","type":"page","link":"https:\/\/panelplus.it\/es\/vantaggi\/","title":{"rendered":"Ventajas"},"content":{"rendered":"<p><strong>Los paneles compuestos PanelPlus\u00ae<\/strong> representan una nueva manera de construir. M\u00e1s ligereza y m\u00e1s versatilidad simplifican la fase de proyecci\u00f3n y de construcci\u00f3n, mientras que la gran variedad de materiales garantiza un resultado est\u00e9tico id\u00e9ntico al material original.<\/p>\n","protected":false},"excerpt":{"rendered":"<p>Los paneles compuestos PanelPlus\u00ae representan una nueva manera de construir. M\u00e1s ligereza y m\u00e1s versatilidad simplifican la fase de proyecci\u00f3n&#8230;<\/p>\n","protected":false},"author":1,"featured_media":0,"parent":0,"menu_order":0,"comment_status":"closed","ping_status":"closed","template":"","meta":[],"acf":[],"_links":{"self":[{"href":"https:\/\/panelplus.it\/es\/wp-json\/wp\/v2\/pages\/371"}],"collection":[{"href":"https:\/\/panelplus.it\/es\/wp-json\/wp\/v2\/pages"}],"about":[{"href":"https:\/\/panelplus.it\/es\/wp-json\/wp\/v2\/types\/page"}],"author":[{"embeddable":true,"href":"https:\/\/panelplus.it\/es\/wp-json\/wp\/v2\/users\/1"}],"replies":[{"embeddable":true,"href":"https:\/\/panelplus.it\/es\/wp-json\/wp\/v2\/comments?post=371"}],"version-history":[{"count":6,"href":"https:\/\/panelplus.it\/es\/wp-json\/wp\/v2\/pages\/371\/revisions"}],"predecessor-version":[{"id":904,"href":"https:\/\/panelplus.it\/es\/wp-json\/wp\/v2\/pages\/371\/revisions\/904"}],"wp:attachment":[{"href":"https:\/\/panelplus.it\/es\/wp-json\/wp\/v2\/media?parent=371"}],"curies":[{"name":"wp","href":"https:\/\/api.w.org\/{rel}","templated":true}]}}