{"id":314,"date":"2018-09-26T21:03:09","date_gmt":"2018-09-26T19:03:09","guid":{"rendered":"https:\/\/panelplus.it\/home\/"},"modified":"2025-02-21T10:13:23","modified_gmt":"2025-02-21T09:13:23","slug":"home","status":"publish","type":"page","link":"https:\/\/panelplus.it\/fr\/","title":{"rendered":"Accueil"},"content":{"rendered":"<p>PanelPlus\u00ae, est panneaux sandwich, de composites, de nids d&rsquo;abeilles et de mousses PET expans\u00e9es, repr\u00e9sente un nouveau mode de construction.<\/p>\n<p>Gr\u00e2ce \u00e0 leurs caract\u00e9ristiques de l\u00e9g\u00e8ret\u00e9 et de robustesse, les panneaux sandwich et composites PanelPlus\u00ae permettent de r\u00e9aliser des projets plus ambitieux que tout autre produit, ce qui repr\u00e9sente une \u00e9tape n\u00e9cessaire pour aller vers un nouveau mode de construction.<\/p>\n","protected":false},"excerpt":{"rendered":"<p>PanelPlus\u00ae, est panneaux sandwich, de composites, de nids d&rsquo;abeilles et de mousses PET expans\u00e9es, repr\u00e9sente un nouveau mode de construction&#8230;.<\/p>\n","protected":false},"author":1,"featured_media":0,"parent":0,"menu_order":0,"comment_status":"closed","ping_status":"closed","template":"","meta":[],"acf":[],"_links":{"self":[{"href":"https:\/\/panelplus.it\/fr\/wp-json\/wp\/v2\/pages\/314"}],"collection":[{"href":"https:\/\/panelplus.it\/fr\/wp-json\/wp\/v2\/pages"}],"about":[{"href":"https:\/\/panelplus.it\/fr\/wp-json\/wp\/v2\/types\/page"}],"author":[{"embeddable":true,"href":"https:\/\/panelplus.it\/fr\/wp-json\/wp\/v2\/users\/1"}],"replies":[{"embeddable":true,"href":"https:\/\/panelplus.it\/fr\/wp-json\/wp\/v2\/comments?post=314"}],"version-history":[{"count":5,"href":"https:\/\/panelplus.it\/fr\/wp-json\/wp\/v2\/pages\/314\/revisions"}],"predecessor-version":[{"id":906,"href":"https:\/\/panelplus.it\/fr\/wp-json\/wp\/v2\/pages\/314\/revisions\/906"}],"wp:attachment":[{"href":"https:\/\/panelplus.it\/fr\/wp-json\/wp\/v2\/media?parent=314"}],"curies":[{"name":"wp","href":"https:\/\/api.w.org\/{rel}","templated":true}]}}