{"id":349,"date":"2018-09-27T10:30:35","date_gmt":"2018-09-27T08:30:35","guid":{"rendered":"https:\/\/panelplus.it\/prodotti\/"},"modified":"2025-02-21T10:47:53","modified_gmt":"2025-02-21T09:47:53","slug":"prodotti","status":"publish","type":"page","link":"https:\/\/panelplus.it\/fr\/prodotti\/","title":{"rendered":"Produits"},"content":{"rendered":"<p>Utiliser les panneaux composites et les panneaux sandwich PanelPlus\u00ae signifie exalter les caract\u00e9ristiques de tout mat\u00e9riau classique en surmontant ses probl\u00e9matiques structurelles, en arrivant donc l\u00e0 o\u00f9 les traditionnels usinages ne peuvent pas arriver.<\/p>\n<p>Chaque \u00e9l\u00e9ment associ\u00e9 \u00e0 la technologie de pannellisation sandwich PanelPlus\u00ae acquiert une nouvelle vitalit\u00e9 en gagnant en termes de performances m\u00e9caniques, de r\u00e9sistance thermique et d\u2019\u00e9co-durabilit\u00e9, allant au-del\u00e0 de ses limitations naturelles et se rendant appropri\u00e9 \u00e0 plusieurs fins constructives.<\/p>\n<p>Gr\u00e2ce \u00e0 leurs caract\u00e9ristiques de l\u00e9g\u00e8ret\u00e9 et de robustesse, les panneaux sandwich et composite PanelPlus\u00ae permettent de r\u00e9aliser des projets plus ambitieux que tous les autres produits pr\u00e9sents sur le march\u00e9, repr\u00e9sentant une \u00e9tape in\u00e9vitable vers la fa\u00e7on de construire.<\/p>\n","protected":false},"excerpt":{"rendered":"<p>Utiliser les panneaux composites et les panneaux sandwich PanelPlus\u00ae signifie exalter les caract\u00e9ristiques de tout mat\u00e9riau classique en surmontant ses&#8230;<\/p>\n","protected":false},"author":1,"featured_media":0,"parent":0,"menu_order":0,"comment_status":"closed","ping_status":"closed","template":"","meta":[],"acf":[],"_links":{"self":[{"href":"https:\/\/panelplus.it\/fr\/wp-json\/wp\/v2\/pages\/349"}],"collection":[{"href":"https:\/\/panelplus.it\/fr\/wp-json\/wp\/v2\/pages"}],"about":[{"href":"https:\/\/panelplus.it\/fr\/wp-json\/wp\/v2\/types\/page"}],"author":[{"embeddable":true,"href":"https:\/\/panelplus.it\/fr\/wp-json\/wp\/v2\/users\/1"}],"replies":[{"embeddable":true,"href":"https:\/\/panelplus.it\/fr\/wp-json\/wp\/v2\/comments?post=349"}],"version-history":[{"count":3,"href":"https:\/\/panelplus.it\/fr\/wp-json\/wp\/v2\/pages\/349\/revisions"}],"predecessor-version":[{"id":919,"href":"https:\/\/panelplus.it\/fr\/wp-json\/wp\/v2\/pages\/349\/revisions\/919"}],"wp:attachment":[{"href":"https:\/\/panelplus.it\/fr\/wp-json\/wp\/v2\/media?parent=349"}],"curies":[{"name":"wp","href":"https:\/\/api.w.org\/{rel}","templated":true}]}}