{"id":369,"date":"2018-10-09T08:32:40","date_gmt":"2018-10-09T06:32:40","guid":{"rendered":"https:\/\/panelplus.it\/vantaggi\/"},"modified":"2025-02-21T10:10:44","modified_gmt":"2025-02-21T09:10:44","slug":"vantaggi","status":"publish","type":"page","link":"https:\/\/panelplus.it\/fr\/vantaggi\/","title":{"rendered":"Avantages"},"content":{"rendered":"<p><strong>Les panneaux composites PanelPlus\u00ae<\/strong> repr\u00e9sentent une nouvelle fa\u00e7on de construire.\u00a0Plus de l\u00e9g\u00e8ret\u00e9 et de polyvalence simplifient la phase de conception et de construction, tandis que la vaste gamme de mat\u00e9riaux et de finitions garantit un r\u00e9sultat esth\u00e9tique \u00e9gal \u00e0 celui du mat\u00e9riau original.<\/p>\n","protected":false},"excerpt":{"rendered":"<p>Les panneaux composites PanelPlus\u00ae repr\u00e9sentent une nouvelle fa\u00e7on de construire.\u00a0Plus de l\u00e9g\u00e8ret\u00e9 et de polyvalence simplifient la phase de conception&#8230;<\/p>\n","protected":false},"author":1,"featured_media":0,"parent":0,"menu_order":0,"comment_status":"closed","ping_status":"closed","template":"","meta":[],"acf":[],"_links":{"self":[{"href":"https:\/\/panelplus.it\/fr\/wp-json\/wp\/v2\/pages\/369"}],"collection":[{"href":"https:\/\/panelplus.it\/fr\/wp-json\/wp\/v2\/pages"}],"about":[{"href":"https:\/\/panelplus.it\/fr\/wp-json\/wp\/v2\/types\/page"}],"author":[{"embeddable":true,"href":"https:\/\/panelplus.it\/fr\/wp-json\/wp\/v2\/users\/1"}],"replies":[{"embeddable":true,"href":"https:\/\/panelplus.it\/fr\/wp-json\/wp\/v2\/comments?post=369"}],"version-history":[{"count":10,"href":"https:\/\/panelplus.it\/fr\/wp-json\/wp\/v2\/pages\/369\/revisions"}],"predecessor-version":[{"id":903,"href":"https:\/\/panelplus.it\/fr\/wp-json\/wp\/v2\/pages\/369\/revisions\/903"}],"wp:attachment":[{"href":"https:\/\/panelplus.it\/fr\/wp-json\/wp\/v2\/media?parent=369"}],"curies":[{"name":"wp","href":"https:\/\/api.w.org\/{rel}","templated":true}]}}