{"id":13,"date":"2018-09-27T10:30:35","date_gmt":"2018-09-27T08:30:35","guid":{"rendered":"https:\/\/panelplus.it\/?page_id=13"},"modified":"2025-02-21T10:47:09","modified_gmt":"2025-02-21T09:47:09","slug":"prodotti","status":"publish","type":"page","link":"https:\/\/panelplus.it\/it\/prodotti\/","title":{"rendered":"Prodotti"},"content":{"rendered":"<p>Utilizzare i pannelli compositi e i pannelli sandwich PanelPlus\u00ae significa esaltare le caratteristiche di qualsiasi materiale classico superando le sue problematiche strutturali, arrivando quindi dove le tradizionali lavorazioni non possono arrivare.<\/p>\n<p>Ogni elemento abbinato alla tecnologia di pannellizzazione sandwich PanelPlus\u00ae acquisisce una nuova vitalit\u00e0, guadagnando in termini di prestazioni meccaniche, resistenza termica e ecosostenibilit\u00e0, andando oltre le sue limitazioni naturali e rendendosi adatto a pi\u00f9 scopi costruttivi.<\/p>\n<p>Grazie alle loro caratteristiche di leggerezza e robustezza i pannelli sandwich e compositi PanelPlus\u00ae permettono di realizzare progetti pi\u00f9 ambiziosi di ogni altro prodotto presente sul mercato, rappresentando uno step inevitabile verso il modo di costruire del futuro<\/p>\n","protected":false},"excerpt":{"rendered":"<p>Utilizzare i pannelli compositi e i pannelli sandwich PanelPlus\u00ae significa esaltare le caratteristiche di qualsiasi materiale classico superando le sue&#8230;<\/p>\n","protected":false},"author":1,"featured_media":0,"parent":0,"menu_order":0,"comment_status":"closed","ping_status":"closed","template":"","meta":[],"acf":[],"_links":{"self":[{"href":"https:\/\/panelplus.it\/it\/wp-json\/wp\/v2\/pages\/13"}],"collection":[{"href":"https:\/\/panelplus.it\/it\/wp-json\/wp\/v2\/pages"}],"about":[{"href":"https:\/\/panelplus.it\/it\/wp-json\/wp\/v2\/types\/page"}],"author":[{"embeddable":true,"href":"https:\/\/panelplus.it\/it\/wp-json\/wp\/v2\/users\/1"}],"replies":[{"embeddable":true,"href":"https:\/\/panelplus.it\/it\/wp-json\/wp\/v2\/comments?post=13"}],"version-history":[{"count":6,"href":"https:\/\/panelplus.it\/it\/wp-json\/wp\/v2\/pages\/13\/revisions"}],"predecessor-version":[{"id":917,"href":"https:\/\/panelplus.it\/it\/wp-json\/wp\/v2\/pages\/13\/revisions\/917"}],"wp:attachment":[{"href":"https:\/\/panelplus.it\/it\/wp-json\/wp\/v2\/media?parent=13"}],"curies":[{"name":"wp","href":"https:\/\/api.w.org\/{rel}","templated":true}]}}