{"id":3,"date":"2018-09-26T20:52:04","date_gmt":"2018-09-26T18:52:04","guid":{"rendered":"https:\/\/panelplus.it\/?page_id=3"},"modified":"2019-09-19T18:58:46","modified_gmt":"2019-09-19T16:58:46","slug":"privacy-policy","status":"publish","type":"page","link":"https:\/\/panelplus.it\/it\/privacy-policy\/","title":{"rendered":"Privacy Policy"},"content":{"rendered":"\n<h2>INFORMATIVA PER IL TRATTAMENTO DEI DATI<\/h2>\n<p>In questa pagina si descrivono le modalit\u00e0 di gestione del sito in riferimento al trattamento dei dati personali degli utenti che lo consultano, nonch\u00e9 modalit\u00e0 e finalit\u00e0 di trattamento dei dati personali.<\/p>\n<p>Si tratta di un\u2019informativa resa anche ai sensi del'art.13-14 Reg.to UE 2016\/679 a coloro che interagiscono con i servizi web accessibili per via telematica a partire dall\u2019indirizzo: <a href=\"https:\/\/panelplus.it\/it\/\">https:\/\/panelplus.it\/it\/<\/a><\/p>\n<p>L'informativa \u00e8 resa solo per il sito in oggetto e non anche per altri siti Web eventualmente consultabili tramite i nostri links, di cui <strong>2Gamma s.r.l.<\/strong> non \u00e8 in alcun modo responsabile.<\/p>\n<p><strong>2Gamma s.r.l.<\/strong> nella qualit\u00e0 di Titolare del trattamento dei Suoi dati personali, ai sensi e per gli effetti del Reg.to UE 2016\/679 - GDPR, con la presente La informa che la citata normativa prevede la tutela degli interessati rispetto al trattamento dei dati personali e che tale trattamento sar\u00e0 improntato ai principi di correttezza, liceit\u00e0, trasparenza e di tutela della Sua riservatezza e dei Suoi diritti.<\/p>\n<p>I Suoi dati personali verranno trattati in accordo alle disposizioni legislative della normativa sopra richiamata e degli obblighi di riservatezza ivi previsti.<\/p>\n\n<h2>TIPI DI DATI TRATTATI<\/h2>\n<p>\n\t<strong>Dati di Navigazione<\/strong><br>\n\tI sistemi informatici e le procedure software preposte al funzionamento di questo sito web acquisiscono, nel corso del loro normale esercizio, alcuni dati personali la cui trasmissione \u00e8 implicita nell'uso dei protocolli di comunicazione di Internet. Si tratta d'informazioni che non sono raccolte per essere associate ad interessati identificati, ma che per loro stessa natura potrebbero, attraverso elaborazioni ed associazioni con dati detenuti da terzi, permettere di identificare gli utenti. In questa categoria di dati rientrano gli indirizzi IP o i nomi a dominio dei computer utilizzati dagli utenti che si connettono al sito, gli indirizzi in notazione URI (Uniform Resource Identifier) delle risorse richieste, l'orario della richiesta, il metodo utilizzato nel sottoporre la richiesta al server, la dimensione del file ottenuto in risposta, il codice numerico indicante lo stato della risposta data dal server (buon fine, errore, ecc.) ed altri parametri relativi al sistema operativo e all'ambiente informatico dell'utente. Questi dati sono utilizzati al solo fine di ricavare informazioni statistiche anonime sull'uso del sito e per controllarne il corretto funzionamento e vengono cancellati immediatamente dopo l'elaborazione. I dati potrebbero essere utilizzati per l'accertamento di responsabilit\u00e0 in caso di ipotetici reati informatici ai danni del sito.\n<\/p>\n<p>\n\t<strong>Dati forniti volontariamente dall'utente<\/strong><br>\n\tL'invio facoltativo, esplicito e volontario di posta elettronica agli indirizzi indicati su questo sito, cos\u00ec come la compilazione dei form per l\u2019invio di richieste specifiche comportano la successiva acquisizione dell'indirizzo del mittente, necessario per rispondere alle richieste, nonch\u00e9 degli eventuali altri dati personali inseriti nella missiva o nel form.<br>\n\tSpecifiche informative di sintesi vengono riportate o visualizzate nelle pagine del sito predisposte per particolari servizi a richiesta.\n<\/p>\n\n<h2>CONSEGUENZE DEL RIFIUTO DI CONFERIMENTO DEI DATI<\/h2>\n<p>A parte quanto specificato per i dati di navigazione, l'utente \u00e8 libero di fornire i dati personali riportati nei moduli di richiesta, di iscrizione a mailing list o comunque indicati in contatti per sollecitare l'invio di materiale informativo, tecnico o commerciale o di altre comunicazioni. Il loro mancato conferimento pu\u00f2 comportare l'impossibilit\u00e0 di ottenere quanto richiesto.<\/p>\n\n<h2>MODALIT\u00c0 DEL TRATTAMENTO<\/h2>\n<p>I dati vengono trattati principalmente con strumenti elettronici e informatici e memorizzati sia su supporti informatici che su supporti cartacei che su ogni altro tipo di supporto idoneo, nel rispetto delle modalit\u00e0 di cui agli artt. 6, 32 del GDPR e mediante l'adozione delle adeguate misure di sicurezza previste. per prevenire la perdita di dati, usi illeciti o non corretti ed accessi non autorizzati.<\/p>\n<p>La informiamo che, per fornire un servizio completo il nostro portale potrebbe contenere\u00a0link ad altri siti web, non gestiti da noi. Non siamo responsabili di errori, contenuti, cookies, pubblicazioni di contenuto morale illecito, pubblicit\u00e0, banner o files non conformi alle disposizioni normative vigenti e del rispetto della normativa Privacy da parte di siti da noi gestiti a cui si fa riferimento. Per migliorare il servizio offerto \u00e8 gradita una immediata segnalazione di malfunzionamenti, abusi o suggerimenti all\u2019indirizzo di posta elettronica: <a href=\"mailto:&#105;nf&#111;&#64;2gamm&#97;&#46;it\">&#105;nf&#111;&#64;2gamm&#97;&#46;it<\/a><\/p>\n<p>I suoi dati saranno trattati unicamente da personale espressamente autorizzato dal Titolare.<\/p>\n\n<h2>FINALIT\u00c0 DEL TRATTAMENTO<\/h2>\n<p>Il trattamento dei dati verr\u00e0 effettuato per:<\/p>\n<ul>\n\t<li>dare la possibilit\u00e0 di accedere alle sezioni pubbliche e\/o riservate del sito;<\/li>\n\t<li>dare esecuzione all'attivazione e alla manutenzione di eventuali servizi sottoscritti on-line;<\/li>\n\t<li>eseguire gli obblighi previsti da leggi o regolamenti;<\/li>\n\t<li>la tutela del Titolare in sede giudiziaria;<\/li>\n\t<li>inviare materiale informativo di natura commerciale o promozionale;<\/li>\n\t<li>consentire il monitoraggio costante sull'efficacia del servizio proposto.<\/li>\n<\/ul>\n\n<h2>SOGGETTI A CUI POTRANNO ESSERE COMUNICATI I DATI PERSONALI<\/h2>\n<p>I dati personali relativi al trattamento in questione possono essere comunicati anche a soggetti a cui sia riconosciuta la facolt\u00e0 di accedere ai Vostri dati personali da norme di legge o di normative secondarie e\/o comunitarie. Inoltre alcuni dati possono essere comunicati e diffusi agli operatori internet di <strong>2Gamma s.r.l.<\/strong> si avvale per la gestione dei propri domini. La diffusione dei dati raccolti non \u00e8 prevista.<\/p>\n\n<h2>PERIODO DI CONSERVAZIONE DEI DATI<\/h2>\n<p>Le segnaliamo che, nel rispetto dei principi di liceit\u00e0, limitazione delle finalit\u00e0 e minimizzazione dei dati, ai sensi dell\u2019art. 5 del GDPR, il periodo di conservazione dei Suoi dati personali \u00e8 pari ad anni 15. Alla scadenza del suddetto periodo di conservazione, i dati personali verranno automaticamente cancellati.<\/p>\n\n<h2>DIRITTI DEGLI INTERESSATI<\/h2>\n<p><strong>Reg.to UE 2016\/679: Artt. 15, 16, 17, 18, 19, 20, 21, 22 - Diritti dell'Interessato<\/strong><\/p>\n<ol>\n\t<li>L'interessato ha diritto di ottenere la conferma dell'esistenza o meno di dati personali che lo riguardano, anche se non ancora registrati, e la loro comunicazione in forma intelligibile.<\/li>\n\t<li>\n\t\tL'interessato ha diritto di ottenere l'indicazione:\n\t\t<ol type=\"a\">\n\t\t\t<li>dell'origine dei dati personali;<\/li>\n\t\t\t<li>delle finalit\u00e0 e modalit\u00e0 del trattamento;<\/li>\n\t\t\t<li>della logica applicata in caso di trattamento effettuato con l'ausilio di strumenti elettronici;<\/li>\n\t\t\t<li>degli estremi identificativi del titolare, dei responsabili e del rappresentante designato ai sensi dell'articolo 5, comma 2;<\/li>\n\t\t\t<li>dei soggetti o delle categorie di soggetti ai quali i dati personali possono essere comunicati o che possono venirne a conoscenza in qualit\u00e0 di rappresentante designato nel territorio dello Stato, di responsabili o incaricati.<\/li>\n\t\t<\/ol>\n\t<\/li>\n\t<li>\n\t\tL'interessato ha diritto di ottenere:\n\t\t<ol type=\"a\">\n\t\t\t<li>l'aggiornamento, la rettificazione ovvero, quando vi ha interesse, l'integrazione dei dati;<\/li>\n\t\t\t<li>la cancellazione, la trasformazione in forma anonima o il blocco dei dati trattati in violazione di legge, compresi quelli di cui non \u00e8 necessaria la conservazione in relazione agli scopi per i quali i dati sono stati raccolti o successivamente trattati;<\/li>\n\t\t\t<li>l'attestazione che le operazioni di cui alle lettere a) e b) sono state portate a conoscenza, anche per quanto riguarda il loro contenuto, di coloro ai quali i dati sono stati comunicati o diffusi, eccettuato il caso in cui tale adempimento si rivela impossibile o comporta un impiego di mezzi<\/li>\n\t\t\t<li>manifestamente sproporzionato rispetto al diritto tutelato;<\/li>\n\t\t\t<li>la portabilit\u00e0 dei dati<\/li>\n\t\t<\/ol>\n\t<\/li>\n\t<li>\n\t\tL'interessato ha diritto di opporsi, in tutto o in parte:\n\t\t<ol type=\"a\">\n\t\t\t<li>per motivi legittimi al trattamento dei dati personali che lo riguardano, ancorch\u00e9 pertinenti allo scopo della raccolta;<\/li>\n\t\t\t<li>al trattamento di dati personali che lo riguardano a fini di invio di materiale pubblicitario o di vendita diretta o per il compimento di ricerche di mercato o di comunicazione commerciale<\/li>\n\t\t<\/ol>\n\t<\/li>\n<\/ol>\n\n<h2 id=\"cookies\">COOKIES<\/h2>\n<p>\n\tI cookie sono stringhe di testo di piccole dimensioni che i siti visitati dall\u2019utente inviano al suo terminale (solitamente al browser) dove vengono memorizzati per essere poi ritrasmessi agli stessi siti alla successiva visita del medesimo utente. Si individuano due macro-categorie: cookie \u201ctecnici\u201d e cookie \u201cdi profilazione\u201d.<br>\n\tQuesto sito utilizza i c.d. cookie \u201ctecnici\u201d al solo fine di \u201ceffettuare la trasmissione di una comunicazione su una rete elettronica, o nella misura strettamente necessaria al fornitore di un servizio esplicitamente richiesto dall\u2019utente, al fine di erogare tale servizio\u201d ( art. 122, comma 1, del Codice): possono essere suddivisi in cookie di navigazione o di sessione, che garantiscono la normale navigazione e fruizione del sito web (permettendo, ad esempio, di realizzare un acquisto o autenticarsi per accedere ad aree riservate) e\/o cookie analytics, assimilati ai cookie tecnici laddove utilizzati direttamente dal gestore del sito per raccogliere informazioni, in forma aggregata, sul numero degli utenti e su come questi visitano il sito stesso e\/o cookie di funzionalit\u00e0, che permettono all\u2019utente la navigazione in funzione di una serie di criteri selezionati (ad esempio, la lingua, i prodotti selezionati per l\u2019acquisto) al fine di migliorare il servizio reso allo stesso.<br>\n\tL\u2019uso di cookie \u201ctecnici\u201d (variabili di sessione i cui valori memorizzati sul disco fisso del dispositivo possono comunque essere cancellati: \u00e8 inoltre possibile disabilitare i cookie seguendo le indicazioni fornite dai principali browser) \u00e8 strettamente limitato alla trasmissione di identificativi di sessione (costituiti da numeri casuali generati dal server) e di dati di utilizzo del software necessari per consentire l\u2019esplorazione sicura ed efficiente del sito: le variabili (c.d. cookie) di sessione possono evitare il ricorso a tecniche informatiche potenzialmente pregiudizievoli per la riservatezza della navigazione degli utenti e non consentono l\u2019acquisizione di dati personali identificativi dell\u2019utente.<br>\n\tQuesto sito non fa in alcun modo uso di cookie c.d. \u201cdi profilazione\u201d (volti a creare profili relativi all\u2019utente ed utilizzati al fine di inviare messaggi pubblicitari in linea con le preferenze manifestate dallo stesso nell\u2019ambito della navigazione in rete).<br>\n\tQuesto sito fa uso di cookie c.d. \u201cdi terze parti\u201d volti a ricevere sul proprio dispositivo, nel corso della navigazione su un sito, cookie inviati da siti o da web server diversi (l\u2019archiviazione delle informazioni avviene presso i soggetti terzi): un esempio \u00e8 rappresentato dalla presenza dei \u201csocial plugin\u201d per Facebook, Twitter, Google+ e Linkedin (si tratta di parti della pagina visitata generate direttamente dai suddetti siti ed integrati nella pagina del sito ospitante) il cui utilizzo \u00e8 finalizzato alla condivisione dei contenuti sui social network (la presenza di questi \u201cplugin\u201d comporta la trasmissione di cookie da e verso tutti i siti gestiti da terze parti: la gestione delle informazioni raccolte da \u201cterze parti\u201d \u00e8 disciplinata dalle relative informative cui si prega di fare riferimento).\n<\/p>\n\n\t<p><strong>Elenco completo Policy Privacy cookie dei servizi di terze parti utilizzati:<\/strong><\/p>\n\t<p>\n\t\tYoutube: <a href=\"http:\/\/www.google.it\/intl\/it\/policies\/privacy\/\" target=\"_blank\">www.google.it\/intl\/it\/policies\/privacy\/<\/a><br>\t<\/p>\n\n<p>\n\t<strong>Come posso disabilitare i cookie?<\/strong><br>\n\tLa maggior parte dei browser (Internet Explorer, Firefox, etc.) sono configurati per accettare i cookie. Tuttavia, la maggior parte dei browser permette di controllare e anche disabilitare i cookie attraverso le impostazioni del browser. Ti ricordiamo per\u00f2 che disabilitare i cookie di navigazione o quelli funzionali pu\u00f2 causare il malfunzionamento del sito e\/o limitare il servizio offerto.\n<\/p>\n\n<h2>IL TITOLARE DEL TRATTAMENTO<\/h2>\n<p>Titolare del trattamento \u00e8 2Gamma s.r.l., con sede in C.So Inghilterra, 15 - 12084 Mondov\u00ec (CN) - Italia.<\/p>\n<p>L\u2019utente ha diritto di ottenere dal titolare la cancellazione (diritto all'oblio), la limitazione, l'aggiornamento, la rettificazione, la portabilit\u00e0, l'opposizione al trattamento dei dati personali che La riguardano, nonch\u00e9 in generale pu\u00f2 esercitare tutti i diritti previsti dagli artt. 15, 16, 17, 18, 19, 20, 21, 22 del GDPR.<\/p>\n<p>Per esercitare i diritti sopra elencati, l'interessato dovr\u00e0 rivolgere richiesta scritta attraverso e-mail a: <a href=\"mailto:info&#64;2&#103;&#97;m&#109;&#97;&#46;&#105;&#116;\">info&#64;2&#103;&#97;m&#109;&#97;&#46;&#105;&#116;<\/a><\/p>\n\n","protected":false},"excerpt":{"rendered":"","protected":false},"author":1,"featured_media":0,"parent":0,"menu_order":0,"comment_status":"closed","ping_status":"open","template":"","meta":[],"acf":[],"_links":{"self":[{"href":"https:\/\/panelplus.it\/it\/wp-json\/wp\/v2\/pages\/3"}],"collection":[{"href":"https:\/\/panelplus.it\/it\/wp-json\/wp\/v2\/pages"}],"about":[{"href":"https:\/\/panelplus.it\/it\/wp-json\/wp\/v2\/types\/page"}],"author":[{"embeddable":true,"href":"https:\/\/panelplus.it\/it\/wp-json\/wp\/v2\/users\/1"}],"replies":[{"embeddable":true,"href":"https:\/\/panelplus.it\/it\/wp-json\/wp\/v2\/comments?post=3"}],"version-history":[{"count":1,"href":"https:\/\/panelplus.it\/it\/wp-json\/wp\/v2\/pages\/3\/revisions"}],"predecessor-version":[{"id":302,"href":"https:\/\/panelplus.it\/it\/wp-json\/wp\/v2\/pages\/3\/revisions\/302"}],"wp:attachment":[{"href":"https:\/\/panelplus.it\/it\/wp-json\/wp\/v2\/media?parent=3"}],"curies":[{"name":"wp","href":"https:\/\/api.w.org\/{rel}","templated":true}]}}